{"id":15019,"date":"2022-08-30T13:22:55","date_gmt":"2022-08-30T13:22:55","guid":{"rendered":"https:\/\/primeiraigreja.pt\/quem-somos\/diaconato-copy\/"},"modified":"2025-06-02T10:18:25","modified_gmt":"2025-06-02T10:18:25","slug":"diaconato","status":"publish","type":"page","link":"https:\/\/primeiraigreja.pt\/?page_id=15019","title":{"rendered":"Di\u00e1conos"},"content":{"rendered":"\t\t<div data-elementor-type=\"wp-page\" data-elementor-id=\"15019\" class=\"elementor elementor-15019\" data-elementor-post-type=\"page\">\n\t\t\t\t\t\t<section data-dce-background-color=\"#FFFFFF\" data-dce-background-overlay-color=\"#0C3148\" data-dce-background-image-url=\"https:\/\/primeiraigreja.pt\/wp-content\/uploads\/2022\/08\/DSC03079.jpg\" class=\"elementor-section elementor-top-section elementor-element elementor-element-8272dea elementor-hidden-mobile elementor-section-boxed elementor-section-height-default elementor-section-height-default\" data-id=\"8272dea\" data-element_type=\"section\" data-e-type=\"section\" data-settings=\"{&quot;background_background&quot;:&quot;classic&quot;}\">\n\t\t\t\t\t\t\t<div class=\"elementor-background-overlay\"><\/div>\n\t\t\t\t\t\t\t<div class=\"elementor-container elementor-column-gap-default\">\n\t\t\t\t\t<div class=\"elementor-column elementor-col-100 elementor-top-column elementor-element elementor-element-d11eb08\" data-id=\"d11eb08\" data-element_type=\"column\" data-e-type=\"column\">\n\t\t\t<div class=\"elementor-widget-wrap elementor-element-populated\">\n\t\t\t\t\t\t<div data-dce-title-color=\"#FFFFFF\" class=\"elementor-element elementor-element-333c4ec elementor-widget elementor-widget-heading\" data-id=\"333c4ec\" data-element_type=\"widget\" data-e-type=\"widget\" data-widget_type=\"heading.default\">\n\t\t\t\t<div class=\"elementor-widget-container\">\n\t\t\t\t\t<h1 class=\"elementor-heading-title elementor-size-xl\">di\u00e1conos<\/h1>\t\t\t\t<\/div>\n\t\t\t\t<\/div>\n\t\t\t\t\t<\/div>\n\t\t<\/div>\n\t\t\t\t\t<\/div>\n\t\t<\/section>\n\t\t\t\t<section class=\"elementor-section elementor-top-section elementor-element elementor-element-aabca9c elementor-hidden-desktop elementor-hidden-tablet elementor-section-boxed elementor-section-height-default elementor-section-height-default\" data-id=\"aabca9c\" data-element_type=\"section\" data-e-type=\"section\">\n\t\t\t\t\t\t<div class=\"elementor-container elementor-column-gap-default\">\n\t\t\t\t\t<div class=\"elementor-column elementor-col-100 elementor-top-column elementor-element elementor-element-48b8e94\" data-id=\"48b8e94\" data-element_type=\"column\" data-e-type=\"column\">\n\t\t\t<div class=\"elementor-widget-wrap elementor-element-populated\">\n\t\t\t\t\t\t<div class=\"elementor-element elementor-element-a2de9c8 elementor-widget elementor-widget-heading\" data-id=\"a2de9c8\" data-element_type=\"widget\" data-e-type=\"widget\" data-widget_type=\"heading.default\">\n\t\t\t\t<div class=\"elementor-widget-container\">\n\t\t\t\t\t<h1 class=\"elementor-heading-title elementor-size-xl\">DI\u00c1CONOS<\/h1>\t\t\t\t<\/div>\n\t\t\t\t<\/div>\n\t\t\t\t\t<\/div>\n\t\t<\/div>\n\t\t\t\t\t<\/div>\n\t\t<\/section>\n\t\t\t\t<section class=\"elementor-section elementor-top-section elementor-element elementor-element-7a15c6c elementor-section-boxed elementor-section-height-default elementor-section-height-default\" data-id=\"7a15c6c\" data-element_type=\"section\" data-e-type=\"section\">\n\t\t\t\t\t\t<div class=\"elementor-container elementor-column-gap-default\">\n\t\t\t\t\t<div class=\"elementor-column elementor-col-33 elementor-top-column elementor-element elementor-element-1c85cb7\" data-id=\"1c85cb7\" data-element_type=\"column\" data-e-type=\"column\">\n\t\t\t<div class=\"elementor-widget-wrap elementor-element-populated\">\n\t\t\t\t\t\t<div class=\"elementor-element elementor-element-261ebfd dce_masking-none elementor-widget elementor-widget-image\" data-id=\"261ebfd\" data-element_type=\"widget\" data-e-type=\"widget\" data-widget_type=\"image.default\">\n\t\t\t\t<div class=\"elementor-widget-container\">\n\t\t\t\t\t\t\t\t\t\t\t\t\t\t\t<img fetchpriority=\"high\" decoding=\"async\" width=\"580\" height=\"580\" src=\"https:\/\/primeiraigreja.pt\/wp-content\/uploads\/2022\/12\/AReinaldo-copiar.png\" class=\"attachment-large size-large wp-image-15795\" alt=\"\" srcset=\"https:\/\/primeiraigreja.pt\/wp-content\/uploads\/2022\/12\/AReinaldo-copiar.png 640w, https:\/\/primeiraigreja.pt\/wp-content\/uploads\/2022\/12\/AReinaldo-copiar-300x300.png 300w, https:\/\/primeiraigreja.pt\/wp-content\/uploads\/2022\/12\/AReinaldo-copiar-150x150.png 150w\" sizes=\"(max-width: 580px) 100vw, 580px\" \/>\t\t\t\t\t\t\t\t\t\t\t\t\t\t\t<\/div>\n\t\t\t\t<\/div>\n\t\t\t\t<div class=\"elementor-element elementor-element-0df62f5 elementor-widget elementor-widget-text-editor\" data-id=\"0df62f5\" data-element_type=\"widget\" data-e-type=\"widget\" data-widget_type=\"text-editor.default\">\n\t\t\t\t<div class=\"elementor-widget-container\">\n\t\t\t\t\t\t\t\t\t<p style=\"background-color: #ffffff;\">Am\u00e9rico Reinaldo<\/p>\t\t\t\t\t\t\t\t<\/div>\n\t\t\t\t<\/div>\n\t\t\t\t\t<\/div>\n\t\t<\/div>\n\t\t\t\t<div class=\"elementor-column elementor-col-33 elementor-top-column elementor-element elementor-element-bff8e23\" data-id=\"bff8e23\" data-element_type=\"column\" data-e-type=\"column\">\n\t\t\t<div class=\"elementor-widget-wrap elementor-element-populated\">\n\t\t\t\t\t\t<div class=\"elementor-element elementor-element-284429e dce_masking-none elementor-widget elementor-widget-image\" data-id=\"284429e\" data-element_type=\"widget\" data-e-type=\"widget\" data-widget_type=\"image.default\">\n\t\t\t\t<div class=\"elementor-widget-container\">\n\t\t\t\t\t\t\t\t\t\t\t\t\t\t\t<img decoding=\"async\" width=\"580\" height=\"580\" src=\"https:\/\/primeiraigreja.pt\/wp-content\/uploads\/2022\/07\/BMourao_.jpg\" class=\"attachment-large size-large wp-image-14629\" alt=\"\" srcset=\"https:\/\/primeiraigreja.pt\/wp-content\/uploads\/2022\/07\/BMourao_.jpg 640w, https:\/\/primeiraigreja.pt\/wp-content\/uploads\/2022\/07\/BMourao_-300x300.jpg 300w, https:\/\/primeiraigreja.pt\/wp-content\/uploads\/2022\/07\/BMourao_-150x150.jpg 150w\" sizes=\"(max-width: 580px) 100vw, 580px\" \/>\t\t\t\t\t\t\t\t\t\t\t\t\t\t\t<\/div>\n\t\t\t\t<\/div>\n\t\t\t\t<div class=\"elementor-element elementor-element-b048db1 elementor-widget elementor-widget-text-editor\" data-id=\"b048db1\" data-element_type=\"widget\" data-e-type=\"widget\" data-widget_type=\"text-editor.default\">\n\t\t\t\t<div class=\"elementor-widget-container\">\n\t\t\t\t\t\t\t\t\t<p>Barnab\u00e9 Mour\u00e3o<\/p>\t\t\t\t\t\t\t\t<\/div>\n\t\t\t\t<\/div>\n\t\t\t\t\t<\/div>\n\t\t<\/div>\n\t\t\t\t<div class=\"elementor-column elementor-col-33 elementor-top-column elementor-element elementor-element-6f97a75\" data-id=\"6f97a75\" data-element_type=\"column\" data-e-type=\"column\">\n\t\t\t<div class=\"elementor-widget-wrap elementor-element-populated\">\n\t\t\t\t\t\t<div class=\"elementor-element elementor-element-666b9d4 dce_masking-none elementor-widget elementor-widget-image\" data-id=\"666b9d4\" data-element_type=\"widget\" data-e-type=\"widget\" data-widget_type=\"image.default\">\n\t\t\t\t<div class=\"elementor-widget-container\">\n\t\t\t\t\t\t\t\t\t\t\t\t\t\t\t<img decoding=\"async\" width=\"580\" height=\"580\" src=\"https:\/\/primeiraigreja.pt\/wp-content\/uploads\/2022\/07\/F_Castro.jpg\" class=\"attachment-large size-large wp-image-14632\" alt=\"\" srcset=\"https:\/\/primeiraigreja.pt\/wp-content\/uploads\/2022\/07\/F_Castro.jpg 640w, https:\/\/primeiraigreja.pt\/wp-content\/uploads\/2022\/07\/F_Castro-300x300.jpg 300w, https:\/\/primeiraigreja.pt\/wp-content\/uploads\/2022\/07\/F_Castro-150x150.jpg 150w\" sizes=\"(max-width: 580px) 100vw, 580px\" \/>\t\t\t\t\t\t\t\t\t\t\t\t\t\t\t<\/div>\n\t\t\t\t<\/div>\n\t\t\t\t<div class=\"elementor-element elementor-element-c6760a9 elementor-widget elementor-widget-text-editor\" data-id=\"c6760a9\" data-element_type=\"widget\" data-e-type=\"widget\" data-widget_type=\"text-editor.default\">\n\t\t\t\t<div class=\"elementor-widget-container\">\n\t\t\t\t\t\t\t\t\t<p>Francisco Castro<\/p>\t\t\t\t\t\t\t\t<\/div>\n\t\t\t\t<\/div>\n\t\t\t\t\t<\/div>\n\t\t<\/div>\n\t\t\t\t\t<\/div>\n\t\t<\/section>\n\t\t\t\t<section class=\"elementor-section elementor-top-section elementor-element elementor-element-581061e elementor-section-boxed elementor-section-height-default elementor-section-height-default\" data-id=\"581061e\" data-element_type=\"section\" data-e-type=\"section\">\n\t\t\t\t\t\t<div class=\"elementor-container elementor-column-gap-default\">\n\t\t\t\t\t<div class=\"elementor-column elementor-col-33 elementor-top-column elementor-element elementor-element-604918f\" data-id=\"604918f\" data-element_type=\"column\" data-e-type=\"column\">\n\t\t\t<div class=\"elementor-widget-wrap elementor-element-populated\">\n\t\t\t\t\t\t<div class=\"elementor-element elementor-element-09a6f06 dce_masking-none elementor-widget elementor-widget-image\" data-id=\"09a6f06\" data-element_type=\"widget\" data-e-type=\"widget\" data-widget_type=\"image.default\">\n\t\t\t\t<div class=\"elementor-widget-container\">\n\t\t\t\t\t\t\t\t\t\t\t\t\t\t\t<img loading=\"lazy\" decoding=\"async\" width=\"640\" height=\"640\" src=\"https:\/\/primeiraigreja.pt\/wp-content\/uploads\/2022\/12\/JAgostinho-copiar.png\" class=\"attachment-full size-full wp-image-15799\" alt=\"\" srcset=\"https:\/\/primeiraigreja.pt\/wp-content\/uploads\/2022\/12\/JAgostinho-copiar.png 640w, https:\/\/primeiraigreja.pt\/wp-content\/uploads\/2022\/12\/JAgostinho-copiar-300x300.png 300w, https:\/\/primeiraigreja.pt\/wp-content\/uploads\/2022\/12\/JAgostinho-copiar-150x150.png 150w\" sizes=\"(max-width: 640px) 100vw, 640px\" \/>\t\t\t\t\t\t\t\t\t\t\t\t\t\t\t<\/div>\n\t\t\t\t<\/div>\n\t\t\t\t<div class=\"elementor-element elementor-element-33fe0cb elementor-widget elementor-widget-text-editor\" data-id=\"33fe0cb\" data-element_type=\"widget\" data-e-type=\"widget\" data-widget_type=\"text-editor.default\">\n\t\t\t\t<div class=\"elementor-widget-container\">\n\t\t\t\t\t\t\t\t\t<p style=\"background-color: #ffffff;\">Joaquim Agostinho<\/p>\t\t\t\t\t\t\t\t<\/div>\n\t\t\t\t<\/div>\n\t\t\t\t\t<\/div>\n\t\t<\/div>\n\t\t\t\t<div class=\"elementor-column elementor-col-33 elementor-top-column elementor-element elementor-element-2cb6982\" data-id=\"2cb6982\" data-element_type=\"column\" data-e-type=\"column\">\n\t\t\t<div class=\"elementor-widget-wrap elementor-element-populated\">\n\t\t\t\t\t\t<div class=\"elementor-element elementor-element-50336c9 dce_masking-none elementor-widget elementor-widget-image\" data-id=\"50336c9\" data-element_type=\"widget\" data-e-type=\"widget\" data-widget_type=\"image.default\">\n\t\t\t\t<div class=\"elementor-widget-container\">\n\t\t\t\t\t\t\t\t\t\t\t\t\t\t\t<img loading=\"lazy\" decoding=\"async\" width=\"580\" height=\"580\" src=\"https:\/\/primeiraigreja.pt\/wp-content\/uploads\/2022\/08\/Silhueta-5.png\" class=\"attachment-large size-large wp-image-14702\" alt=\"\" \/>\t\t\t\t\t\t\t\t\t\t\t\t\t\t\t<\/div>\n\t\t\t\t<\/div>\n\t\t\t\t<div class=\"elementor-element elementor-element-46ae907 elementor-widget elementor-widget-text-editor\" data-id=\"46ae907\" data-element_type=\"widget\" data-e-type=\"widget\" data-widget_type=\"text-editor.default\">\n\t\t\t\t<div class=\"elementor-widget-container\">\n\t\t\t\t\t\t\t\t\t<p>N\u00e9lson Mota<\/p>\t\t\t\t\t\t\t\t<\/div>\n\t\t\t\t<\/div>\n\t\t\t\t\t<\/div>\n\t\t<\/div>\n\t\t\t\t<div class=\"elementor-column elementor-col-33 elementor-top-column elementor-element elementor-element-e9fae5f\" data-id=\"e9fae5f\" data-element_type=\"column\" data-e-type=\"column\">\n\t\t\t<div class=\"elementor-widget-wrap elementor-element-populated\">\n\t\t\t\t\t\t<div class=\"elementor-element elementor-element-ce7270c dce_masking-none elementor-widget elementor-widget-image\" data-id=\"ce7270c\" data-element_type=\"widget\" data-e-type=\"widget\" data-widget_type=\"image.default\">\n\t\t\t\t<div class=\"elementor-widget-container\">\n\t\t\t\t\t\t\t\t\t\t\t\t\t\t\t<img loading=\"lazy\" decoding=\"async\" width=\"580\" height=\"580\" src=\"https:\/\/primeiraigreja.pt\/wp-content\/uploads\/2022\/07\/RBOliveira.jpg\" class=\"attachment-large size-large wp-image-14614\" alt=\"\" srcset=\"https:\/\/primeiraigreja.pt\/wp-content\/uploads\/2022\/07\/RBOliveira.jpg 640w, https:\/\/primeiraigreja.pt\/wp-content\/uploads\/2022\/07\/RBOliveira-300x300.jpg 300w, https:\/\/primeiraigreja.pt\/wp-content\/uploads\/2022\/07\/RBOliveira-150x150.jpg 150w\" sizes=\"(max-width: 580px) 100vw, 580px\" \/>\t\t\t\t\t\t\t\t\t\t\t\t\t\t\t<\/div>\n\t\t\t\t<\/div>\n\t\t\t\t<div class=\"elementor-element elementor-element-6c6fba9 elementor-widget elementor-widget-text-editor\" data-id=\"6c6fba9\" data-element_type=\"widget\" data-e-type=\"widget\" data-widget_type=\"text-editor.default\">\n\t\t\t\t<div class=\"elementor-widget-container\">\n\t\t\t\t\t\t\t\t\t<p>R\u00faben Oliveira<\/p>\t\t\t\t\t\t\t\t<\/div>\n\t\t\t\t<\/div>\n\t\t\t\t\t<\/div>\n\t\t<\/div>\n\t\t\t\t\t<\/div>\n\t\t<\/section>\n\t\t\t\t<section class=\"elementor-section elementor-top-section elementor-element elementor-element-846534c elementor-hidden-mobile elementor-section-boxed elementor-section-height-default elementor-section-height-default\" data-id=\"846534c\" data-element_type=\"section\" data-e-type=\"section\">\n\t\t\t\t\t\t<div class=\"elementor-container elementor-column-gap-default\">\n\t\t\t\t\t<div class=\"elementor-column elementor-col-100 elementor-top-column elementor-element elementor-element-cd122e6\" data-id=\"cd122e6\" data-element_type=\"column\" data-e-type=\"column\">\n\t\t\t<div class=\"elementor-widget-wrap elementor-element-populated\">\n\t\t\t\t\t\t<div data-dce-title-color=\"#BE1622\" class=\"elementor-element elementor-element-1ee8b2a elementor-testimonial--skin-default elementor-testimonial--layout-image_inline elementor-testimonial--align-center elementor-arrows-yes elementor-widget elementor-widget-testimonial-carousel\" data-id=\"1ee8b2a\" data-element_type=\"widget\" data-e-type=\"widget\" data-settings=\"{&quot;lazyload&quot;:&quot;yes&quot;,&quot;space_between&quot;:{&quot;unit&quot;:&quot;px&quot;,&quot;size&quot;:5,&quot;sizes&quot;:[]},&quot;show_arrows&quot;:&quot;yes&quot;,&quot;speed&quot;:500,&quot;autoplay&quot;:&quot;yes&quot;,&quot;autoplay_speed&quot;:5000,&quot;loop&quot;:&quot;yes&quot;,&quot;pause_on_hover&quot;:&quot;yes&quot;,&quot;pause_on_interaction&quot;:&quot;yes&quot;,&quot;space_between_tablet&quot;:{&quot;unit&quot;:&quot;px&quot;,&quot;size&quot;:10,&quot;sizes&quot;:[]},&quot;space_between_mobile&quot;:{&quot;unit&quot;:&quot;px&quot;,&quot;size&quot;:10,&quot;sizes&quot;:[]}}\" data-widget_type=\"testimonial-carousel.default\">\n\t\t\t\t<div class=\"elementor-widget-container\">\n\t\t\t\t\t\t\t\t\t<div class=\"elementor-swiper\">\n\t\t\t\t\t<div class=\"elementor-main-swiper swiper\" role=\"region\" aria-roledescription=\"carousel\" aria-label=\"Slides\">\n\t\t\t\t<div class=\"swiper-wrapper\">\n\t\t\t\t\t\t\t\t\t\t\t<div class=\"swiper-slide\" role=\"group\" aria-roledescription=\"slide\">\n\t\t\t\t\t\t\t\t\t<div class=\"elementor-testimonial\">\n\t\t\t\t\t\t\t<div class=\"elementor-testimonial__content\">\n\t\t\t\t\t<div class=\"elementor-testimonial__text\">\n\t\t\t\t\t\t\u201c\n\t\t\t\t\t<\/div>\n\t\t\t\t\t\t\t\t\t<\/div>\n\t\t\t\t\t\t<div class=\"elementor-testimonial__footer\">\n\t\t\t\t\t\t\t\t<cite class=\"elementor-testimonial__cite\"><span class=\"elementor-testimonial__name\">Uma igreja local, reunida e completamente organizada de acordo com a mente de Cristo, consiste em oficiais e membros; e os oficiais designados por Cristo a serem escolhidos e consagrados pela igreja (assim chamada e congregada), s\u00e3o os bispos ou presb\u00edteros e os di\u00e1conos.<\/span><span class=\"elementor-testimonial__title\">CFBL 26.8<\/span><\/cite>\t\t\t<\/div>\n\t\t<\/div>\n\t\t\t\t\t\t\t\t<\/div>\n\t\t\t\t\t\t\t\t\t<\/div>\n\t\t\t\t\t\t\t<\/div>\n\t\t\t\t<\/div>\n\t\t\t\t\t\t\t\t<\/div>\n\t\t\t\t<\/div>\n\t\t\t\t\t<\/div>\n\t\t<\/div>\n\t\t\t\t\t<\/div>\n\t\t<\/section>\n\t\t\t\t<section class=\"elementor-section elementor-top-section elementor-element elementor-element-ccfc6dd elementor-section-boxed elementor-section-height-default elementor-section-height-default\" data-id=\"ccfc6dd\" data-element_type=\"section\" data-e-type=\"section\">\n\t\t\t\t\t\t<div class=\"elementor-container elementor-column-gap-default\">\n\t\t\t\t\t<div class=\"elementor-column elementor-col-100 elementor-top-column elementor-element elementor-element-976eb0d\" data-id=\"976eb0d\" data-element_type=\"column\" data-e-type=\"column\">\n\t\t\t<div class=\"elementor-widget-wrap elementor-element-populated\">\n\t\t\t\t\t\t<div data-dce-title-color=\"#BE1622\" class=\"elementor-element elementor-element-28025ee elementor-hidden-desktop elementor-hidden-tablet elementor-testimonial--skin-default elementor-testimonial--layout-image_inline elementor-testimonial--align-center elementor-arrows-yes elementor-widget elementor-widget-testimonial-carousel\" data-id=\"28025ee\" data-element_type=\"widget\" data-e-type=\"widget\" data-settings=\"{&quot;lazyload&quot;:&quot;yes&quot;,&quot;space_between&quot;:{&quot;unit&quot;:&quot;px&quot;,&quot;size&quot;:5,&quot;sizes&quot;:[]},&quot;show_arrows&quot;:&quot;yes&quot;,&quot;speed&quot;:500,&quot;autoplay&quot;:&quot;yes&quot;,&quot;autoplay_speed&quot;:5000,&quot;loop&quot;:&quot;yes&quot;,&quot;pause_on_hover&quot;:&quot;yes&quot;,&quot;pause_on_interaction&quot;:&quot;yes&quot;,&quot;space_between_tablet&quot;:{&quot;unit&quot;:&quot;px&quot;,&quot;size&quot;:10,&quot;sizes&quot;:[]},&quot;space_between_mobile&quot;:{&quot;unit&quot;:&quot;px&quot;,&quot;size&quot;:10,&quot;sizes&quot;:[]}}\" data-widget_type=\"testimonial-carousel.default\">\n\t\t\t\t<div class=\"elementor-widget-container\">\n\t\t\t\t\t\t\t\t\t<div class=\"elementor-swiper\">\n\t\t\t\t\t<div class=\"elementor-main-swiper swiper\" role=\"region\" aria-roledescription=\"carousel\" aria-label=\"Slides\">\n\t\t\t\t<div class=\"swiper-wrapper\">\n\t\t\t\t\t\t\t\t\t\t\t<div class=\"swiper-slide\" role=\"group\" aria-roledescription=\"slide\">\n\t\t\t\t\t\t\t\t\t<div class=\"elementor-testimonial\">\n\t\t\t\t\t\t\t<div class=\"elementor-testimonial__content\">\n\t\t\t\t\t<div class=\"elementor-testimonial__text\">\n\t\t\t\t\t\t\u201c\n\t\t\t\t\t<\/div>\n\t\t\t\t\t\t\t\t\t<\/div>\n\t\t\t\t\t\t<div class=\"elementor-testimonial__footer\">\n\t\t\t\t\t\t\t\t<cite class=\"elementor-testimonial__cite\"><span class=\"elementor-testimonial__name\">Uma igreja local, reunida e completamente organizada de acordo com a mente de Cristo, consiste em oficiais e membros; e os oficiais designados por Cristo a serem escolhidos e consagrados pela igreja (assim chamada e congregada), s\u00e3o os bispos ou presb\u00edteros e os di\u00e1conos.<\/span><span class=\"elementor-testimonial__title\">CFBL 26.8<\/span><\/cite>\t\t\t<\/div>\n\t\t<\/div>\n\t\t\t\t\t\t\t\t<\/div>\n\t\t\t\t\t\t\t\t\t<\/div>\n\t\t\t\t\t\t\t<\/div>\n\t\t\t\t<\/div>\n\t\t\t\t\t\t\t\t<\/div>\n\t\t\t\t<\/div>\n\t\t\t\t\t<\/div>\n\t\t<\/div>\n\t\t\t\t\t<\/div>\n\t\t<\/section>\n\t\t\t\t<\/div>\n\t\t","protected":false},"excerpt":{"rendered":"<p>di\u00e1conos DI\u00c1CONOS Am\u00e9rico Reinaldo Barnab\u00e9 Mour\u00e3o Francisco Castro Joaquim Agostinho N\u00e9lson Mota R\u00faben Oliveira \u201c Uma igreja local, reunida e completamente organizada de acordo com a mente de Cristo, consiste em oficiais e membros; e os oficiais designados por Cristo a serem escolhidos e consagrados pela igreja (assim chamada e congregada), s\u00e3o os bispos ou [&hellip;]<\/p>\n","protected":false},"author":1,"featured_media":0,"parent":0,"menu_order":0,"comment_status":"closed","ping_status":"closed","template":"elementor_header_footer","meta":{"_acf_changed":false,"footnotes":""},"series":[],"class_list":["post-15019","page","type-page","status-publish","hentry"],"acf":[],"_links":{"self":[{"href":"https:\/\/primeiraigreja.pt\/index.php?rest_route=\/wp\/v2\/pages\/15019","targetHints":{"allow":["GET"]}}],"collection":[{"href":"https:\/\/primeiraigreja.pt\/index.php?rest_route=\/wp\/v2\/pages"}],"about":[{"href":"https:\/\/primeiraigreja.pt\/index.php?rest_route=\/wp\/v2\/types\/page"}],"author":[{"embeddable":true,"href":"https:\/\/primeiraigreja.pt\/index.php?rest_route=\/wp\/v2\/users\/1"}],"replies":[{"embeddable":true,"href":"https:\/\/primeiraigreja.pt\/index.php?rest_route=%2Fwp%2Fv2%2Fcomments&post=15019"}],"version-history":[{"count":61,"href":"https:\/\/primeiraigreja.pt\/index.php?rest_route=\/wp\/v2\/pages\/15019\/revisions"}],"predecessor-version":[{"id":16257,"href":"https:\/\/primeiraigreja.pt\/index.php?rest_route=\/wp\/v2\/pages\/15019\/revisions\/16257"}],"wp:attachment":[{"href":"https:\/\/primeiraigreja.pt\/index.php?rest_route=%2Fwp%2Fv2%2Fmedia&parent=15019"}],"wp:term":[{"taxonomy":"series","embeddable":true,"href":"https:\/\/primeiraigreja.pt\/index.php?rest_route=%2Fwp%2Fv2%2Fseries&post=15019"}],"curies":[{"name":"wp","href":"https:\/\/api.w.org\/{rel}","templated":true}]}}